{"id":234,"date":"2020-07-14T11:51:02","date_gmt":"2020-07-14T11:51:02","guid":{"rendered":"http:\/\/people.epancharatna.com\/?page_id=234"},"modified":"2021-03-22T13:15:56","modified_gmt":"2021-03-22T13:15:56","slug":"research-collaborative","status":"publish","type":"page","link":"https:\/\/peoplebeyondborders.org\/fr\/research-collaborative\/","title":{"rendered":"Recherche collaborative"},"content":{"rendered":"<div data-elementor-type=\"wp-page\" data-elementor-id=\"234\" class=\"elementor elementor-234\" data-elementor-post-type=\"page\">\n\t\t\t\t\t\t<section class=\"ob-is-breaking-bad elementor-section elementor-top-section elementor-element elementor-element-224fe69 elementor-section-height-min-height elementor-section-boxed elementor-section-height-default elementor-section-items-middle\" data-id=\"224fe69\" data-element_type=\"section\" data-settings=\"{&quot;background_background&quot;:&quot;classic&quot;,&quot;_ob_bbad_use_it&quot;:&quot;yes&quot;,&quot;_ob_bbad_sssic_use&quot;:&quot;no&quot;,&quot;_ob_glider_is_slider&quot;:&quot;no&quot;}\">\n\t\t\t\t\t\t<div class=\"elementor-container elementor-column-gap-default\">\n\t\t\t\t\t<div class=\"elementor-column elementor-col-100 elementor-top-column elementor-element elementor-element-3e64b6b\" data-id=\"3e64b6b\" data-element_type=\"column\" data-settings=\"{&quot;_ob_bbad_is_stalker&quot;:&quot;no&quot;,&quot;_ob_teleporter_use&quot;:false,&quot;_ob_column_hoveranimator&quot;:&quot;no&quot;,&quot;_ob_column_has_pseudo&quot;:&quot;no&quot;}\">\n\t\t\t<div class=\"elementor-widget-wrap\">\n\t\t\t\t\t\t\t<\/div>\n\t\t<\/div>\n\t\t\t\t\t<\/div>\n\t\t<\/section>\n\t\t\t\t<section class=\"elementor-section elementor-top-section elementor-element elementor-element-232a141 elementor-section-boxed elementor-section-height-default elementor-section-height-default\" data-id=\"232a141\" data-element_type=\"section\" data-settings=\"{&quot;_ob_glider_is_slider&quot;:&quot;no&quot;}\">\n\t\t\t\t\t\t<div class=\"elementor-container elementor-column-gap-default\">\n\t\t\t\t\t<div class=\"elementor-column elementor-col-100 elementor-top-column elementor-element elementor-element-c1f4da6\" data-id=\"c1f4da6\" data-element_type=\"column\" data-settings=\"{&quot;_ob_bbad_is_stalker&quot;:&quot;no&quot;,&quot;_ob_column_hoveranimator&quot;:&quot;no&quot;,&quot;_ob_column_has_pseudo&quot;:&quot;no&quot;}\">\n\t\t\t<div class=\"elementor-widget-wrap elementor-element-populated\">\n\t\t\t\t\t\t<div class=\"elementor-element elementor-element-a3c42bb elementor-hidden-desktop elementor-hidden-tablet ob-has-background-overlay elementor-widget elementor-widget-image\" data-id=\"a3c42bb\" data-element_type=\"widget\" data-settings=\"{&quot;_ob_photomorph_use&quot;:&quot;no&quot;,&quot;_ob_perspektive_use&quot;:&quot;no&quot;,&quot;_ob_poopart_use&quot;:&quot;yes&quot;,&quot;_ob_shadough_use&quot;:&quot;no&quot;,&quot;_ob_allow_hoveranimator&quot;:&quot;no&quot;,&quot;_ob_widget_stalker_use&quot;:&quot;no&quot;}\" data-widget_type=\"image.default\">\n\t\t\t\t<div class=\"elementor-widget-container\">\n\t\t\t\t\t\t\t\t\t\t\t\t\t\t\t<img fetchpriority=\"high\" decoding=\"async\" width=\"666\" height=\"661\" src=\"https:\/\/peoplebeyondborders.org\/wp-content\/uploads\/2020\/07\/Research-challenge-1.png\" class=\"attachment-large size-large wp-image-209\" alt=\"\" srcset=\"https:\/\/peoplebeyondborders.org\/wp-content\/uploads\/2020\/07\/Research-challenge-1.png 666w, https:\/\/peoplebeyondborders.org\/wp-content\/uploads\/2020\/07\/Research-challenge-1-300x298.png 300w, https:\/\/peoplebeyondborders.org\/wp-content\/uploads\/2020\/07\/Research-challenge-1-150x150.png 150w\" sizes=\"(max-width: 666px) 100vw, 666px\" \/>\t\t\t\t\t\t\t\t\t\t\t\t\t\t\t<\/div>\n\t\t\t\t<\/div>\n\t\t\t\t<div class=\"elementor-element elementor-element-bc1a0cb ob-harakiri-inherit ob-has-background-overlay elementor-widget elementor-widget-heading\" data-id=\"bc1a0cb\" data-element_type=\"widget\" data-settings=\"{&quot;_ob_use_harakiri&quot;:&quot;yes&quot;,&quot;_ob_harakiri_writing_mode&quot;:&quot;inherit&quot;,&quot;_ob_harakiri_text_clip&quot;:&quot;none&quot;,&quot;_ob_perspektive_use&quot;:&quot;no&quot;,&quot;_ob_poopart_use&quot;:&quot;yes&quot;,&quot;_ob_shadough_use&quot;:&quot;no&quot;,&quot;_ob_allow_hoveranimator&quot;:&quot;no&quot;,&quot;_ob_widget_stalker_use&quot;:&quot;no&quot;}\" data-widget_type=\"heading.default\">\n\t\t\t\t<div class=\"elementor-widget-container\">\n\t\t\t\t\t<h2 class=\"elementor-heading-title elementor-size-default\">Recherche collaborative \n\n<\/h2>\t\t\t\t<\/div>\n\t\t\t\t<\/div>\n\t\t\t\t<div class=\"elementor-element elementor-element-44ee1c3 elementor-hidden-phone ob-has-background-overlay elementor-widget elementor-widget-image\" data-id=\"44ee1c3\" data-element_type=\"widget\" data-settings=\"{&quot;_ob_photomorph_use&quot;:&quot;no&quot;,&quot;_ob_perspektive_use&quot;:&quot;no&quot;,&quot;_ob_poopart_use&quot;:&quot;yes&quot;,&quot;_ob_shadough_use&quot;:&quot;no&quot;,&quot;_ob_allow_hoveranimator&quot;:&quot;no&quot;,&quot;_ob_widget_stalker_use&quot;:&quot;no&quot;}\" data-widget_type=\"image.default\">\n\t\t\t\t<div class=\"elementor-widget-container\">\n\t\t\t\t\t\t\t\t\t\t\t\t\t\t\t<img fetchpriority=\"high\" decoding=\"async\" width=\"666\" height=\"661\" src=\"https:\/\/peoplebeyondborders.org\/wp-content\/uploads\/2020\/07\/Research-challenge-1.png\" class=\"attachment-large size-large wp-image-209\" alt=\"\" srcset=\"https:\/\/peoplebeyondborders.org\/wp-content\/uploads\/2020\/07\/Research-challenge-1.png 666w, https:\/\/peoplebeyondborders.org\/wp-content\/uploads\/2020\/07\/Research-challenge-1-300x298.png 300w, https:\/\/peoplebeyondborders.org\/wp-content\/uploads\/2020\/07\/Research-challenge-1-150x150.png 150w\" sizes=\"(max-width: 666px) 100vw, 666px\" \/>\t\t\t\t\t\t\t\t\t\t\t\t\t\t\t<\/div>\n\t\t\t\t<\/div>\n\t\t\t\t<div class=\"elementor-element elementor-element-165eec1 ob-harakiri-inherit ob-has-background-overlay elementor-widget elementor-widget-text-editor\" data-id=\"165eec1\" data-element_type=\"widget\" data-settings=\"{&quot;_ob_use_harakiri&quot;:&quot;yes&quot;,&quot;_ob_harakiri_writing_mode&quot;:&quot;inherit&quot;,&quot;_ob_postman_use&quot;:&quot;no&quot;,&quot;_ob_perspektive_use&quot;:&quot;no&quot;,&quot;_ob_poopart_use&quot;:&quot;yes&quot;,&quot;_ob_shadough_use&quot;:&quot;no&quot;,&quot;_ob_allow_hoveranimator&quot;:&quot;no&quot;,&quot;_ob_widget_stalker_use&quot;:&quot;no&quot;}\" data-widget_type=\"text-editor.default\">\n\t\t\t\t<div class=\"elementor-widget-container\">\n\t\t\t\t\t\t\t\t\t<p>Toutes les crises li\u00e9es aux d\u00e9placements ne sont pas r\u00e9pertori\u00e9es ou document\u00e9es, souvent n\u00e9glig\u00e9es par les programmes de gestion et de pr\u00e9vention d\u2019urgence. Alors que l\u2019assistance humanitaire devrait \u00eatre bas\u00e9e sur le besoin, certaines crises re\u00e7oivent plus d\u2019attention que d\u2019autres. En collaboration avec des universit\u00e9s, des organisations non gouvernementales (NGO) et des entreprises sociales, nous proposons des initiatives de recherche afin de susciter une prise de conscience du sort des personnes d\u00e9plac\u00e9es, qui re\u00e7oit souvent moins d\u2019attention du public ou dont la r\u00e9alit\u00e9 a \u00e9t\u00e9 d\u00e9form\u00e9e.<\/p><p>Nous sommes en train de lancer un processus d\u2019analyse robuste au moyen de pratiques et d\u2019outils ethnographiques de recherche participative. En permettant \u00e0 des citoyens affect\u00e9s par les crises li\u00e9es aux d\u00e9placements de mener des recherches et des \u00e9tudes dans leurs propres communaut\u00e9s et espaces de la vie quotidienne, nous souhaitons identifier les meilleures pratiques bas\u00e9es sur la r\u00e9alit\u00e9 du terrain afin de cr\u00e9er ensemble des programmes innovants d\u2019impact social.<\/p><p><\/p>\t\t\t\t\t\t\t\t<\/div>\n\t\t\t\t<\/div>\n\t\t\t\t\t<\/div>\n\t\t<\/div>\n\t\t\t\t\t<\/div>\n\t\t<\/section>\n\t\t\t\t<section class=\"ob-is-breaking-bad elementor-section elementor-top-section elementor-element elementor-element-d4b64d0 elementor-section-height-min-height elementor-section-boxed elementor-section-height-default elementor-section-items-middle\" data-id=\"d4b64d0\" data-element_type=\"section\" data-settings=\"{&quot;background_background&quot;:&quot;classic&quot;,&quot;_ob_bbad_use_it&quot;:&quot;yes&quot;,&quot;_ob_bbad_sssic_use&quot;:&quot;no&quot;,&quot;_ob_glider_is_slider&quot;:&quot;no&quot;}\">\n\t\t\t\t\t\t<div class=\"elementor-container elementor-column-gap-default\">\n\t\t\t\t\t<div class=\"elementor-column elementor-col-100 elementor-top-column elementor-element elementor-element-0f17967\" data-id=\"0f17967\" data-element_type=\"column\" data-settings=\"{&quot;_ob_bbad_is_stalker&quot;:&quot;no&quot;,&quot;_ob_teleporter_use&quot;:false,&quot;_ob_column_hoveranimator&quot;:&quot;no&quot;,&quot;_ob_column_has_pseudo&quot;:&quot;no&quot;}\">\n\t\t\t<div class=\"elementor-widget-wrap elementor-element-populated\">\n\t\t\t\t\t\t<div class=\"elementor-element elementor-element-3ed078f ob-harakiri-inherit ob-has-background-overlay elementor-widget elementor-widget-heading\" data-id=\"3ed078f\" data-element_type=\"widget\" data-settings=\"{&quot;_ob_use_harakiri&quot;:&quot;yes&quot;,&quot;_ob_harakiri_writing_mode&quot;:&quot;inherit&quot;,&quot;_ob_harakiri_text_clip&quot;:&quot;none&quot;,&quot;_ob_perspektive_use&quot;:&quot;no&quot;,&quot;_ob_poopart_use&quot;:&quot;yes&quot;,&quot;_ob_shadough_use&quot;:&quot;no&quot;,&quot;_ob_allow_hoveranimator&quot;:&quot;no&quot;,&quot;_ob_widget_stalker_use&quot;:&quot;no&quot;}\" data-widget_type=\"heading.default\">\n\t\t\t\t<div class=\"elementor-widget-container\">\n\t\t\t\t\t<h2 class=\"elementor-heading-title elementor-size-default\">Exemples de recherches<\/h2>\t\t\t\t<\/div>\n\t\t\t\t<\/div>\n\t\t\t\t<div class=\"elementor-element elementor-element-ad093f7 ob-harakiri-inherit ob-has-background-overlay elementor-widget elementor-widget-text-editor\" data-id=\"ad093f7\" data-element_type=\"widget\" data-settings=\"{&quot;_ob_use_harakiri&quot;:&quot;yes&quot;,&quot;_ob_harakiri_writing_mode&quot;:&quot;inherit&quot;,&quot;_ob_postman_use&quot;:&quot;no&quot;,&quot;_ob_perspektive_use&quot;:&quot;no&quot;,&quot;_ob_poopart_use&quot;:&quot;yes&quot;,&quot;_ob_shadough_use&quot;:&quot;no&quot;,&quot;_ob_allow_hoveranimator&quot;:&quot;no&quot;,&quot;_ob_widget_stalker_use&quot;:&quot;no&quot;}\" data-widget_type=\"text-editor.default\">\n\t\t\t\t<div class=\"elementor-widget-container\">\n\t\t\t\t\t\t\t\t\t<p>Quel r\u00f4le les facteurs intersectionnels, tels que l\u2019\u00e2ge, le genre, la race, la culture et la religion, jouent-ils dans les violations des droits de l\u2019homme contre les minorit\u00e9s comme les Ouighours en Chine, les Rohingyas en Birmanie et les Dalits en Inde et au N\u00e9pal ?<\/p><p>Les engagements de cessez-le-feu dans le Haut-Karabagh ont-ils contribu\u00e9 \u00e0 r\u00e9duire les tensions entre l\u2019Arm\u00e9nie et l\u2019Azerba\u00efdjan ?<\/p><p>Comment les femmes y\u00e9m\u00e9nites contribuent-elles \u00e0 la paix et \u00e0 la s\u00e9curit\u00e9 au sein de leurs communaut\u00e9s ?<\/p><p>Quel impact politique a g\u00e9n\u00e9r\u00e9 l\u2019incendie du camp de r\u00e9fugi\u00e9s de M\u00f3ria laissant 13 000 r\u00e9fugi\u00e9s sur l\u2019\u00eele grecque de Lesbos sans abris et acc\u00e8s aux services de base ?<\/p><p><\/p>\t\t\t\t\t\t\t\t<\/div>\n\t\t\t\t<\/div>\n\t\t\t\t\t<\/div>\n\t\t<\/div>\n\t\t\t\t\t<\/div>\n\t\t<\/section>\n\t\t\t\t<section class=\"ob-is-breaking-bad elementor-section elementor-top-section elementor-element elementor-element-eea5c7c elementor-section-boxed elementor-section-height-default elementor-section-height-default\" data-id=\"eea5c7c\" data-element_type=\"section\" data-settings=\"{&quot;_ob_bbad_use_it&quot;:&quot;yes&quot;,&quot;_ob_bbad_sssic_use&quot;:&quot;no&quot;,&quot;_ob_glider_is_slider&quot;:&quot;no&quot;}\">\n\t\t\t\t\t\t<div class=\"elementor-container elementor-column-gap-default\">\n\t\t\t\t\t<div class=\"elementor-column elementor-col-100 elementor-top-column elementor-element elementor-element-8b35966\" data-id=\"8b35966\" data-element_type=\"column\" data-settings=\"{&quot;_ob_bbad_is_stalker&quot;:&quot;no&quot;,&quot;_ob_teleporter_use&quot;:false,&quot;_ob_column_hoveranimator&quot;:&quot;no&quot;,&quot;_ob_column_has_pseudo&quot;:&quot;no&quot;}\">\n\t\t\t<div class=\"elementor-widget-wrap elementor-element-populated\">\n\t\t\t\t\t\t<div class=\"elementor-element elementor-element-57a50d3 ee-button-group-valign-stretch ee-button-group-halign-center ee-button-group-mobile-halign-center ee-button-group-gap-default ob-has-background-overlay elementor-widget elementor-widget-button-group\" data-id=\"57a50d3\" data-element_type=\"widget\" data-settings=\"{&quot;trigger&quot;:&quot;mouseenter&quot;,&quot;trigger_tablet&quot;:&quot;click_target&quot;,&quot;trigger_mobile&quot;:&quot;click_target&quot;,&quot;_hide&quot;:&quot;mouseleave&quot;,&quot;_hide_tablet&quot;:&quot;click_out&quot;,&quot;_hide_mobile&quot;:&quot;click_out&quot;,&quot;position&quot;:&quot;bottom&quot;,&quot;delay_in&quot;:{&quot;unit&quot;:&quot;px&quot;,&quot;size&quot;:&quot;&quot;,&quot;sizes&quot;:[]},&quot;delay_out&quot;:{&quot;unit&quot;:&quot;px&quot;,&quot;size&quot;:&quot;&quot;,&quot;sizes&quot;:[]},&quot;duration&quot;:{&quot;unit&quot;:&quot;px&quot;,&quot;size&quot;:&quot;&quot;,&quot;sizes&quot;:[]},&quot;_ob_perspektive_use&quot;:&quot;no&quot;,&quot;_ob_poopart_use&quot;:&quot;yes&quot;,&quot;_ob_shadough_use&quot;:&quot;no&quot;,&quot;_ob_allow_hoveranimator&quot;:&quot;no&quot;,&quot;_ob_widget_stalker_use&quot;:&quot;no&quot;}\" data-widget_type=\"button-group.default\">\n\t\t\t\t<div class=\"elementor-widget-container\">\n\t\t\t\t\t<ul class=\"ee-button-group\"><li class=\"ee-button-gap elementor-repeater-item-5252922\">\n\t\t\t\t\t<a class=\"ee-button-wrapper ee-effect ee-effect-type--\">\n\n\t\t\t\t\t\t<span class=\"ee-button ee-size-sm\" data-label=\"Want to engage in our research endeavor?\">\n\t\t\t\t\t\t\t<span class=\"ee-button-content-wrapper\"><span class=\"ee-button-text\">\n\t\t\t\t\t\t\t\t\tSouhaitez-vous vous engager dans une initiative de recherche?\t\t\t\t\t\t\t\t<\/span>\n\n\t\t\t\t\t\t\t\t\n\t\t\t\t\t\t\t<\/span>\n\t\t\t\t\t\t<\/span>\n\n\t\t\t\t\t<\/a>\n\t\t\t\t<\/li><li class=\"ee-button-gap elementor-repeater-item-8b37ef1\">\n\t\t\t\t\t<a class=\"ee-button-wrapper ee-effect ee-effect-type--\" href=\"https:\/\/peoplebeyondborders.org\/fr\/contact-us\/\">\n\n\t\t\t\t\t\t<span class=\"ee-button ee-button-link ee-size-sm\" data-label=\"Contact us\">\n\t\t\t\t\t\t\t<span class=\"ee-button-content-wrapper\"><span class=\"ee-button-icon ee-icon ee-icon-support--svg ee-icon--right\"><i aria-hidden=\"true\" class=\"fas fa-chevron-circle-right\"><\/i><\/span><span class=\"ee-button-text\">\n\t\t\t\t\t\t\t\t\tContactez-nous!\t\t\t\t\t\t\t\t<\/span>\n\n\t\t\t\t\t\t\t\t\n\t\t\t\t\t\t\t<\/span>\n\t\t\t\t\t\t<\/span>\n\n\t\t\t\t\t<\/a>\n\t\t\t\t<\/li><\/ul>\n\t\t\t\t\t\t<\/div>\n\t\t\t\t<\/div>\n\t\t\t\t\t<\/div>\n\t\t<\/div>\n\t\t\t\t\t<\/div>\n\t\t<\/section>\n\t\t\t\t<\/div>","protected":false},"excerpt":{"rendered":"<p>Research Collaborative Not all displacement crises are recorded and reported, often languishing in the shadows of emergency response and prevention. Although humanitarian assistance should be based on need, some crises receive more attention than others. In collaboration with universities, NGOs and social enterprises, we offer research-related initiatives to raise awareness of displaced people whose plight [&hellip;]<\/p>","protected":false},"author":1,"featured_media":0,"parent":0,"menu_order":0,"comment_status":"closed","ping_status":"closed","template":"elementor_header_footer","meta":{"_acf_changed":false,"footnotes":""},"class_list":["post-234","page","type-page","status-publish","hentry"],"acf":[],"aioseo_notices":[],"_links":{"self":[{"href":"https:\/\/peoplebeyondborders.org\/fr\/wp-json\/wp\/v2\/pages\/234","targetHints":{"allow":["GET"]}}],"collection":[{"href":"https:\/\/peoplebeyondborders.org\/fr\/wp-json\/wp\/v2\/pages"}],"about":[{"href":"https:\/\/peoplebeyondborders.org\/fr\/wp-json\/wp\/v2\/types\/page"}],"author":[{"embeddable":true,"href":"https:\/\/peoplebeyondborders.org\/fr\/wp-json\/wp\/v2\/users\/1"}],"replies":[{"embeddable":true,"href":"https:\/\/peoplebeyondborders.org\/fr\/wp-json\/wp\/v2\/comments?post=234"}],"version-history":[{"count":0,"href":"https:\/\/peoplebeyondborders.org\/fr\/wp-json\/wp\/v2\/pages\/234\/revisions"}],"wp:attachment":[{"href":"https:\/\/peoplebeyondborders.org\/fr\/wp-json\/wp\/v2\/media?parent=234"}],"curies":[{"name":"wp","href":"https:\/\/api.w.org\/{rel}","templated":true}]}}