{"id":225,"date":"2020-07-14T11:19:26","date_gmt":"2020-07-14T11:19:26","guid":{"rendered":"http:\/\/people.epancharatna.com\/?page_id=225"},"modified":"2021-03-23T11:54:46","modified_gmt":"2021-03-23T11:54:46","slug":"well-being-workshops","status":"publish","type":"page","link":"https:\/\/peoplebeyondborders.org\/fr\/well-being-workshops\/","title":{"rendered":"Ateliers bien-\u00eatre"},"content":{"rendered":"<div data-elementor-type=\"wp-page\" data-elementor-id=\"225\" class=\"elementor elementor-225\" data-elementor-post-type=\"page\">\n\t\t\t\t\t\t<section class=\"ob-is-breaking-bad elementor-section elementor-top-section elementor-element elementor-element-60d27f6 elementor-section-height-min-height elementor-section-full_width elementor-section-height-default elementor-section-items-middle\" data-id=\"60d27f6\" data-element_type=\"section\" data-settings=\"{&quot;background_background&quot;:&quot;classic&quot;,&quot;_ob_bbad_use_it&quot;:&quot;yes&quot;,&quot;_ob_bbad_sssic_use&quot;:&quot;no&quot;,&quot;_ob_glider_is_slider&quot;:&quot;no&quot;}\">\n\t\t\t\t\t\t<div class=\"elementor-container elementor-column-gap-default\">\n\t\t\t\t\t<div class=\"elementor-column elementor-col-100 elementor-top-column elementor-element elementor-element-4f3637e\" data-id=\"4f3637e\" data-element_type=\"column\" data-settings=\"{&quot;_ob_bbad_is_stalker&quot;:&quot;no&quot;,&quot;_ob_teleporter_use&quot;:false,&quot;_ob_column_hoveranimator&quot;:&quot;no&quot;,&quot;_ob_column_has_pseudo&quot;:&quot;no&quot;}\">\n\t\t\t<div class=\"elementor-widget-wrap\">\n\t\t\t\t\t\t\t<\/div>\n\t\t<\/div>\n\t\t\t\t\t<\/div>\n\t\t<\/section>\n\t\t\t\t<section class=\"ob-is-breaking-bad elementor-section elementor-top-section elementor-element elementor-element-4db9f40 elementor-section-boxed elementor-section-height-default elementor-section-height-default\" data-id=\"4db9f40\" data-element_type=\"section\" data-settings=\"{&quot;_ob_bbad_use_it&quot;:&quot;yes&quot;,&quot;_ob_bbad_sssic_use&quot;:&quot;no&quot;,&quot;_ob_glider_is_slider&quot;:&quot;no&quot;}\">\n\t\t\t\t\t\t<div class=\"elementor-container elementor-column-gap-default\">\n\t\t\t\t\t<div class=\"elementor-column elementor-col-100 elementor-top-column elementor-element elementor-element-b1f7be1\" data-id=\"b1f7be1\" data-element_type=\"column\" data-settings=\"{&quot;_ob_bbad_is_stalker&quot;:&quot;no&quot;,&quot;_ob_teleporter_use&quot;:false,&quot;_ob_column_hoveranimator&quot;:&quot;no&quot;,&quot;_ob_column_has_pseudo&quot;:&quot;no&quot;}\">\n\t\t\t<div class=\"elementor-widget-wrap elementor-element-populated\">\n\t\t\t\t\t\t<div class=\"elementor-element elementor-element-2cbd8ec elementor-hidden-desktop elementor-hidden-tablet ob-has-background-overlay elementor-widget elementor-widget-image\" data-id=\"2cbd8ec\" data-element_type=\"widget\" data-settings=\"{&quot;_ob_photomorph_use&quot;:&quot;no&quot;,&quot;_ob_perspektive_use&quot;:&quot;no&quot;,&quot;_ob_poopart_use&quot;:&quot;yes&quot;,&quot;_ob_shadough_use&quot;:&quot;no&quot;,&quot;_ob_allow_hoveranimator&quot;:&quot;no&quot;,&quot;_ob_widget_stalker_use&quot;:&quot;no&quot;}\" data-widget_type=\"image.default\">\n\t\t\t\t<div class=\"elementor-widget-container\">\n\t\t\t\t\t\t\t\t\t\t\t\t\t\t\t<img fetchpriority=\"high\" decoding=\"async\" width=\"600\" height=\"609\" src=\"https:\/\/peoplebeyondborders.org\/wp-content\/uploads\/2020\/07\/Psychosocial-support-1.png\" class=\"attachment-large size-large wp-image-208\" alt=\"\" srcset=\"https:\/\/peoplebeyondborders.org\/wp-content\/uploads\/2020\/07\/Psychosocial-support-1.png 600w, https:\/\/peoplebeyondborders.org\/wp-content\/uploads\/2020\/07\/Psychosocial-support-1-296x300.png 296w\" sizes=\"(max-width: 600px) 100vw, 600px\" \/>\t\t\t\t\t\t\t\t\t\t\t\t\t\t\t<\/div>\n\t\t\t\t<\/div>\n\t\t\t\t<div class=\"elementor-element elementor-element-783be90 ob-harakiri-inherit ob-has-background-overlay elementor-widget elementor-widget-heading\" data-id=\"783be90\" data-element_type=\"widget\" data-settings=\"{&quot;_ob_use_harakiri&quot;:&quot;yes&quot;,&quot;_ob_harakiri_writing_mode&quot;:&quot;inherit&quot;,&quot;_ob_harakiri_text_clip&quot;:&quot;none&quot;,&quot;_ob_perspektive_use&quot;:&quot;no&quot;,&quot;_ob_poopart_use&quot;:&quot;yes&quot;,&quot;_ob_shadough_use&quot;:&quot;no&quot;,&quot;_ob_allow_hoveranimator&quot;:&quot;no&quot;,&quot;_ob_widget_stalker_use&quot;:&quot;no&quot;}\" data-widget_type=\"heading.default\">\n\t\t\t\t<div class=\"elementor-widget-container\">\n\t\t\t\t\t<h2 class=\"elementor-heading-title elementor-size-default\">Ateliers bien-\u00eatre\n<\/h2>\t\t\t\t<\/div>\n\t\t\t\t<\/div>\n\t\t\t\t<div class=\"elementor-element elementor-element-36cf77d elementor-hidden-phone ob-has-background-overlay elementor-widget elementor-widget-image\" data-id=\"36cf77d\" data-element_type=\"widget\" data-settings=\"{&quot;_ob_photomorph_use&quot;:&quot;no&quot;,&quot;_ob_perspektive_use&quot;:&quot;no&quot;,&quot;_ob_poopart_use&quot;:&quot;yes&quot;,&quot;_ob_shadough_use&quot;:&quot;no&quot;,&quot;_ob_allow_hoveranimator&quot;:&quot;no&quot;,&quot;_ob_widget_stalker_use&quot;:&quot;no&quot;}\" data-widget_type=\"image.default\">\n\t\t\t\t<div class=\"elementor-widget-container\">\n\t\t\t\t\t\t\t\t\t\t\t\t\t\t\t<img fetchpriority=\"high\" decoding=\"async\" width=\"600\" height=\"609\" src=\"https:\/\/peoplebeyondborders.org\/wp-content\/uploads\/2020\/07\/Psychosocial-support-1.png\" class=\"attachment-large size-large wp-image-208\" alt=\"\" srcset=\"https:\/\/peoplebeyondborders.org\/wp-content\/uploads\/2020\/07\/Psychosocial-support-1.png 600w, https:\/\/peoplebeyondborders.org\/wp-content\/uploads\/2020\/07\/Psychosocial-support-1-296x300.png 296w\" sizes=\"(max-width: 600px) 100vw, 600px\" \/>\t\t\t\t\t\t\t\t\t\t\t\t\t\t\t<\/div>\n\t\t\t\t<\/div>\n\t\t\t\t<div class=\"elementor-element elementor-element-9fc02ea ob-harakiri-inherit ob-has-background-overlay elementor-widget elementor-widget-text-editor\" data-id=\"9fc02ea\" data-element_type=\"widget\" data-settings=\"{&quot;_ob_use_harakiri&quot;:&quot;yes&quot;,&quot;_ob_harakiri_writing_mode&quot;:&quot;inherit&quot;,&quot;_ob_postman_use&quot;:&quot;no&quot;,&quot;_ob_perspektive_use&quot;:&quot;no&quot;,&quot;_ob_poopart_use&quot;:&quot;yes&quot;,&quot;_ob_shadough_use&quot;:&quot;no&quot;,&quot;_ob_allow_hoveranimator&quot;:&quot;no&quot;,&quot;_ob_widget_stalker_use&quot;:&quot;no&quot;}\" data-widget_type=\"text-editor.default\">\n\t\t\t\t<div class=\"elementor-widget-container\">\n\t\t\t\t\t\t\t\t\t<p>Les conflits, les violations des droits de l\u2019homme et les catastrophes naturelles affectent le sentiment de s\u00e9curit\u00e9, d\u2019espoir et de stabilit\u00e9 des personnes d\u00e9plac\u00e9es et des r\u00e9fugi\u00e9s. Ils se trouvent souvent forc\u00e9s \u00e0 reconstruire leur vie et peuvent n\u00e9cessiter une assistance particuli\u00e8re sur des sujets tels que leur \u00e9volution professionnelle, leurs comp\u00e9tences en communication, le changement de culture ainsi que la fatigue mentale et \u00e9motionnelle.<\/p><p>Nous organisons des sessions de d\u00e9veloppement de leadership, de bien-\u00eatre et de partage de strat\u00e9gies d\u2019adaptation positives sous forme de programmes collaboratifs et cr\u00e9atifs cr\u00e9\u00e9s afin de soutenir l\u2019\u00e9volution professionnelle, de renforcer les r\u00e9seaux communautaires et de fournir une assistance psychosociale. Nous organisons des initiatives sur le bien-\u00eatre \u00e9motionnel, la sant\u00e9 mentale et sur la cr\u00e9ation de r\u00e9seaux communautaires. Nos sessions sont bas\u00e9es sur des modalit\u00e9s innovatrices, allant des arts martiaux internes, tels que le tai chi, aux arts expressifs, connus pour leurs bienfaits sur la sant\u00e9 mentale.<\/p><p><\/p>\t\t\t\t\t\t\t\t<\/div>\n\t\t\t\t<\/div>\n\t\t\t\t\t<\/div>\n\t\t<\/div>\n\t\t\t\t\t<\/div>\n\t\t<\/section>\n\t\t\t\t<\/div>","protected":false},"excerpt":{"rendered":"<p>Well-Being Workshops Conflicts, human rights violations and natural disasters impact the sense of security, hope and stability among displaced people and refugees. Often they are forced to rebuild their lives, which may include professional development, communication skills, new cultural expectations alongside mental and emotional fatigue. We facilitate leadership development and well-being workshops through collaborative and [&hellip;]<\/p>","protected":false},"author":1,"featured_media":0,"parent":0,"menu_order":0,"comment_status":"closed","ping_status":"closed","template":"elementor_header_footer","meta":{"_acf_changed":false,"footnotes":""},"class_list":["post-225","page","type-page","status-publish","hentry"],"acf":[],"aioseo_notices":[],"_links":{"self":[{"href":"https:\/\/peoplebeyondborders.org\/fr\/wp-json\/wp\/v2\/pages\/225","targetHints":{"allow":["GET"]}}],"collection":[{"href":"https:\/\/peoplebeyondborders.org\/fr\/wp-json\/wp\/v2\/pages"}],"about":[{"href":"https:\/\/peoplebeyondborders.org\/fr\/wp-json\/wp\/v2\/types\/page"}],"author":[{"embeddable":true,"href":"https:\/\/peoplebeyondborders.org\/fr\/wp-json\/wp\/v2\/users\/1"}],"replies":[{"embeddable":true,"href":"https:\/\/peoplebeyondborders.org\/fr\/wp-json\/wp\/v2\/comments?post=225"}],"version-history":[{"count":0,"href":"https:\/\/peoplebeyondborders.org\/fr\/wp-json\/wp\/v2\/pages\/225\/revisions"}],"wp:attachment":[{"href":"https:\/\/peoplebeyondborders.org\/fr\/wp-json\/wp\/v2\/media?parent=225"}],"curies":[{"name":"wp","href":"https:\/\/api.w.org\/{rel}","templated":true}]}}