{"id":243,"date":"2020-07-14T12:52:55","date_gmt":"2020-07-14T12:52:55","guid":{"rendered":"http:\/\/people.epancharatna.com\/?page_id=243"},"modified":"2021-03-23T11:56:08","modified_gmt":"2021-03-23T11:56:08","slug":"entrepreneurship-platform","status":"publish","type":"page","link":"https:\/\/peoplebeyondborders.org\/es\/entrepreneurship-platform\/","title":{"rendered":"Plataforma empresarial"},"content":{"rendered":"<div data-elementor-type=\"wp-page\" data-elementor-id=\"243\" class=\"elementor elementor-243\" data-elementor-post-type=\"page\">\n\t\t\t\t\t\t<section class=\"ob-is-breaking-bad elementor-section elementor-top-section elementor-element elementor-element-1a51a31 elementor-section-height-min-height elementor-section-boxed elementor-section-height-default elementor-section-items-middle\" data-id=\"1a51a31\" data-element_type=\"section\" data-settings=\"{&quot;background_background&quot;:&quot;classic&quot;,&quot;_ob_bbad_use_it&quot;:&quot;yes&quot;,&quot;_ob_bbad_sssic_use&quot;:&quot;no&quot;,&quot;_ob_glider_is_slider&quot;:&quot;no&quot;}\">\n\t\t\t\t\t\t<div class=\"elementor-container elementor-column-gap-default\">\n\t\t\t\t\t<div class=\"elementor-column elementor-col-100 elementor-top-column elementor-element elementor-element-b89d572\" data-id=\"b89d572\" data-element_type=\"column\" data-settings=\"{&quot;_ob_bbad_is_stalker&quot;:&quot;no&quot;,&quot;_ob_teleporter_use&quot;:false,&quot;_ob_column_hoveranimator&quot;:&quot;no&quot;,&quot;_ob_column_has_pseudo&quot;:&quot;no&quot;}\">\n\t\t\t<div class=\"elementor-widget-wrap\">\n\t\t\t\t\t\t\t<\/div>\n\t\t<\/div>\n\t\t\t\t\t<\/div>\n\t\t<\/section>\n\t\t\t\t<section class=\"ob-is-breaking-bad elementor-section elementor-top-section elementor-element elementor-element-73ee9d1 elementor-section-boxed elementor-section-height-default elementor-section-height-default\" data-id=\"73ee9d1\" data-element_type=\"section\" data-settings=\"{&quot;_ob_bbad_use_it&quot;:&quot;yes&quot;,&quot;_ob_bbad_sssic_use&quot;:&quot;no&quot;,&quot;_ob_glider_is_slider&quot;:&quot;no&quot;}\">\n\t\t\t\t\t\t<div class=\"elementor-container elementor-column-gap-default\">\n\t\t\t\t\t<div class=\"elementor-column elementor-col-100 elementor-top-column elementor-element elementor-element-5fe6283\" data-id=\"5fe6283\" data-element_type=\"column\" data-settings=\"{&quot;_ob_bbad_is_stalker&quot;:&quot;no&quot;,&quot;_ob_teleporter_use&quot;:false,&quot;_ob_column_hoveranimator&quot;:&quot;no&quot;,&quot;_ob_column_has_pseudo&quot;:&quot;no&quot;}\">\n\t\t\t<div class=\"elementor-widget-wrap elementor-element-populated\">\n\t\t\t\t\t\t<div class=\"elementor-element elementor-element-407e53a elementor-hidden-desktop elementor-hidden-tablet ob-has-background-overlay elementor-widget elementor-widget-image\" data-id=\"407e53a\" data-element_type=\"widget\" data-settings=\"{&quot;_ob_photomorph_use&quot;:&quot;no&quot;,&quot;_ob_perspektive_use&quot;:&quot;no&quot;,&quot;_ob_poopart_use&quot;:&quot;yes&quot;,&quot;_ob_shadough_use&quot;:&quot;no&quot;,&quot;_ob_allow_hoveranimator&quot;:&quot;no&quot;,&quot;_ob_widget_stalker_use&quot;:&quot;no&quot;}\" data-widget_type=\"image.default\">\n\t\t\t\t<div class=\"elementor-widget-container\">\n\t\t\t\t\t\t\t\t\t\t\t\t\t\t\t<img fetchpriority=\"high\" decoding=\"async\" width=\"666\" height=\"661\" src=\"https:\/\/peoplebeyondborders.org\/wp-content\/uploads\/2020\/07\/Research-challenge-1.png\" class=\"attachment-large size-large wp-image-209\" alt=\"\" srcset=\"https:\/\/peoplebeyondborders.org\/wp-content\/uploads\/2020\/07\/Research-challenge-1.png 666w, https:\/\/peoplebeyondborders.org\/wp-content\/uploads\/2020\/07\/Research-challenge-1-300x298.png 300w, https:\/\/peoplebeyondborders.org\/wp-content\/uploads\/2020\/07\/Research-challenge-1-150x150.png 150w\" sizes=\"(max-width: 666px) 100vw, 666px\" \/>\t\t\t\t\t\t\t\t\t\t\t\t\t\t\t<\/div>\n\t\t\t\t<\/div>\n\t\t\t\t<div class=\"elementor-element elementor-element-c970a7c ob-harakiri-inherit ob-has-background-overlay elementor-widget elementor-widget-heading\" data-id=\"c970a7c\" data-element_type=\"widget\" data-settings=\"{&quot;_ob_use_harakiri&quot;:&quot;yes&quot;,&quot;_ob_harakiri_writing_mode&quot;:&quot;inherit&quot;,&quot;_ob_harakiri_text_clip&quot;:&quot;none&quot;,&quot;_ob_perspektive_use&quot;:&quot;no&quot;,&quot;_ob_poopart_use&quot;:&quot;yes&quot;,&quot;_ob_shadough_use&quot;:&quot;no&quot;,&quot;_ob_allow_hoveranimator&quot;:&quot;no&quot;,&quot;_ob_widget_stalker_use&quot;:&quot;no&quot;}\" data-widget_type=\"heading.default\">\n\t\t\t\t<div class=\"elementor-widget-container\">\n\t\t\t\t\t<h2 class=\"elementor-heading-title elementor-size-default\">Plataforma empresarial\n\n\n<\/h2>\t\t\t\t<\/div>\n\t\t\t\t<\/div>\n\t\t\t\t<div class=\"elementor-element elementor-element-3337e70 elementor-hidden-phone ob-has-background-overlay elementor-widget elementor-widget-image\" data-id=\"3337e70\" data-element_type=\"widget\" data-settings=\"{&quot;_ob_photomorph_use&quot;:&quot;no&quot;,&quot;_ob_perspektive_use&quot;:&quot;no&quot;,&quot;_ob_poopart_use&quot;:&quot;yes&quot;,&quot;_ob_shadough_use&quot;:&quot;no&quot;,&quot;_ob_allow_hoveranimator&quot;:&quot;no&quot;,&quot;_ob_widget_stalker_use&quot;:&quot;no&quot;}\" data-widget_type=\"image.default\">\n\t\t\t\t<div class=\"elementor-widget-container\">\n\t\t\t\t\t\t\t\t\t\t\t\t\t\t\t<img fetchpriority=\"high\" decoding=\"async\" width=\"666\" height=\"661\" src=\"https:\/\/peoplebeyondborders.org\/wp-content\/uploads\/2020\/07\/Research-challenge-1.png\" class=\"attachment-large size-large wp-image-209\" alt=\"\" srcset=\"https:\/\/peoplebeyondborders.org\/wp-content\/uploads\/2020\/07\/Research-challenge-1.png 666w, https:\/\/peoplebeyondborders.org\/wp-content\/uploads\/2020\/07\/Research-challenge-1-300x298.png 300w, https:\/\/peoplebeyondborders.org\/wp-content\/uploads\/2020\/07\/Research-challenge-1-150x150.png 150w\" sizes=\"(max-width: 666px) 100vw, 666px\" \/>\t\t\t\t\t\t\t\t\t\t\t\t\t\t\t<\/div>\n\t\t\t\t<\/div>\n\t\t\t\t<div class=\"elementor-element elementor-element-2d50d54 ob-harakiri-inherit ob-has-background-overlay elementor-widget elementor-widget-text-editor\" data-id=\"2d50d54\" data-element_type=\"widget\" data-settings=\"{&quot;_ob_use_harakiri&quot;:&quot;yes&quot;,&quot;_ob_harakiri_writing_mode&quot;:&quot;inherit&quot;,&quot;_ob_postman_use&quot;:&quot;no&quot;,&quot;_ob_perspektive_use&quot;:&quot;no&quot;,&quot;_ob_poopart_use&quot;:&quot;yes&quot;,&quot;_ob_shadough_use&quot;:&quot;no&quot;,&quot;_ob_allow_hoveranimator&quot;:&quot;no&quot;,&quot;_ob_widget_stalker_use&quot;:&quot;no&quot;}\" data-widget_type=\"text-editor.default\">\n\t\t\t\t<div class=\"elementor-widget-container\">\n\t\t\t\t\t\t\t\t\t<p dir=\"ltr\">Proporcionamos una plataforma virtual donde las comunidades desplazadas y los refugiados intercambian sus competencias, historias, ideas y colaboran en un espacio seguro en funci\u00f3n de pasiones y proyectos profesionales similares. Combinamos programas de formaciones presenciales con m\u00f3dulos virtuales de intercambio de conocimientos como grupos de autoayuda, webinarios interactivos, podcasts, recursos, cursos de idiomas, iniciativas empresariales y formaciones profesionales.\u00a0<\/p><p>Existen varias oportunidades de aprendizaje en l\u00ednea como aplicaciones m\u00f3viles y juegos de simulaci\u00f3n desarrollados para y por los refugiados, que reflejan sus capacidades y experiencia profesional. De manera m\u00e1s significativa, los desplazados internos y los refugiados ser\u00e1n sobre todo las fuentes de conocimiento, compartiendo y ense\u00f1ando en la plataforma ya que entienden mejor las necesidades esenciales y los intereses de las personas desplazadas que est\u00e1n reconstruyendo sus vidas.<\/p><p><\/p>\t\t\t\t\t\t\t\t<\/div>\n\t\t\t\t<\/div>\n\t\t\t\t\t<\/div>\n\t\t<\/div>\n\t\t\t\t\t<\/div>\n\t\t<\/section>\n\t\t\t\t<\/div>","protected":false},"excerpt":{"rendered":"<p>Entrepreneurship Platform We provide a virtual platform where refugees and displaced people exchange their diverse skills, stories, ideas and collaborate together in a safe space based on similar interests and entrepreneurial endeavors. We combine face-to-face trainings with online knowledge-sharing programs such as interactive webinars, podcasts, resource kits, language acquisition, entrepreneurship, job training and support systems.\u00a0 [&hellip;]<\/p>","protected":false},"author":1,"featured_media":0,"parent":0,"menu_order":0,"comment_status":"closed","ping_status":"closed","template":"elementor_header_footer","meta":{"_acf_changed":false,"footnotes":""},"class_list":["post-243","page","type-page","status-publish","hentry"],"acf":[],"aioseo_notices":[],"_links":{"self":[{"href":"https:\/\/peoplebeyondborders.org\/es\/wp-json\/wp\/v2\/pages\/243","targetHints":{"allow":["GET"]}}],"collection":[{"href":"https:\/\/peoplebeyondborders.org\/es\/wp-json\/wp\/v2\/pages"}],"about":[{"href":"https:\/\/peoplebeyondborders.org\/es\/wp-json\/wp\/v2\/types\/page"}],"author":[{"embeddable":true,"href":"https:\/\/peoplebeyondborders.org\/es\/wp-json\/wp\/v2\/users\/1"}],"replies":[{"embeddable":true,"href":"https:\/\/peoplebeyondborders.org\/es\/wp-json\/wp\/v2\/comments?post=243"}],"version-history":[{"count":0,"href":"https:\/\/peoplebeyondborders.org\/es\/wp-json\/wp\/v2\/pages\/243\/revisions"}],"wp:attachment":[{"href":"https:\/\/peoplebeyondborders.org\/es\/wp-json\/wp\/v2\/media?parent=243"}],"curies":[{"name":"wp","href":"https:\/\/api.w.org\/{rel}","templated":true}]}}